{"id":12,"date":"2010-10-29T11:11:23","date_gmt":"2010-10-29T11:11:23","guid":{"rendered":"http:\/\/www.tahi-zarszerviz.hu\/?page_id=12"},"modified":"2016-08-01T19:57:21","modified_gmt":"2016-08-01T17:57:21","slug":"kapcsolat","status":"publish","type":"page","link":"https:\/\/www.tahi-zarszerviz.hu\/?page_id=12","title":{"rendered":"Kapcsolat"},"content":{"rendered":"<h1 style=\"text-align: center;\">Tel: 06 26 789 666<\/h1>\n<p>Nincs a napnak olyan \u00f3r\u00e1ja, melyben ne lenn\u00e9k felk\u00e9sz\u00fclve a h\u00edv\u00e1s\u00e1ra!<br \/>\nDe \u00e9rdekl\u0151dhet e-mail-ben is, melyben ha megadja telefonsz\u00e1m\u00e1t, visszah\u00edvjuk!<\/p>\n<p><iframe loading=\"lazy\" src=\"http:\/\/www.multisecurity.hu\/contact\/contactform.htm\" name=\"reigsztr\u00e1ci\u00f3s form\" width=\"100%\" height=\"350px\" frameborder=\"0\" marginwidth=\"0\" marginheight=\"0\" scrolling=\"No\" align=\"middle\"><\/iframe><\/p>\n","protected":false},"excerpt":{"rendered":"<p>Tel: 06 26 789 666 Nincs a napnak olyan \u00f3r\u00e1ja, melyben ne lenn\u00e9k felk\u00e9sz\u00fclve a h\u00edv\u00e1s\u00e1ra! De \u00e9rdekl\u0151dhet e-mail-ben is, melyben ha megadja telefonsz\u00e1m\u00e1t, visszah\u00edvjuk!<\/p>\n","protected":false},"author":1,"featured_media":0,"parent":0,"menu_order":0,"comment_status":"closed","ping_status":"closed","template":"","meta":[],"_links":{"self":[{"href":"https:\/\/www.tahi-zarszerviz.hu\/index.php?rest_route=\/wp\/v2\/pages\/12"}],"collection":[{"href":"https:\/\/www.tahi-zarszerviz.hu\/index.php?rest_route=\/wp\/v2\/pages"}],"about":[{"href":"https:\/\/www.tahi-zarszerviz.hu\/index.php?rest_route=\/wp\/v2\/types\/page"}],"author":[{"embeddable":true,"href":"https:\/\/www.tahi-zarszerviz.hu\/index.php?rest_route=\/wp\/v2\/users\/1"}],"replies":[{"embeddable":true,"href":"https:\/\/www.tahi-zarszerviz.hu\/index.php?rest_route=%2Fwp%2Fv2%2Fcomments&post=12"}],"version-history":[{"count":5,"href":"https:\/\/www.tahi-zarszerviz.hu\/index.php?rest_route=\/wp\/v2\/pages\/12\/revisions"}],"predecessor-version":[{"id":24,"href":"https:\/\/www.tahi-zarszerviz.hu\/index.php?rest_route=\/wp\/v2\/pages\/12\/revisions\/24"}],"wp:attachment":[{"href":"https:\/\/www.tahi-zarszerviz.hu\/index.php?rest_route=%2Fwp%2Fv2%2Fmedia&parent=12"}],"curies":[{"name":"wp","href":"https:\/\/api.w.org\/{rel}","templated":true}]}}